{"id":24751,"date":"2023-11-02T20:01:49","date_gmt":"2023-11-02T19:01:49","guid":{"rendered":"https:\/\/fuennooka.com\/?page_id=24751"},"modified":"2026-01-27T20:15:52","modified_gmt":"2026-01-27T19:15:52","slug":"akita-health","status":"publish","type":"page","link":"https:\/\/fuennooka.com\/pl\/akita-health\/","title":{"rendered":"Zdrowie Akity"},"content":{"rendered":"<div data-elementor-type=\"wp-page\" data-elementor-id=\"24751\" class=\"elementor elementor-24751\" data-elementor-post-type=\"page\">\n\t\t\t\t\t\t<section class=\"elementor-section elementor-top-section elementor-element elementor-element-356e4d9 elementor-section-boxed elementor-section-height-default elementor-section-height-default\" data-id=\"356e4d9\" data-element_type=\"section\">\n\t\t\t\t\t\t<div class=\"elementor-container elementor-column-gap-default\">\n\t\t\t\t\t<div class=\"elementor-column elementor-col-100 elementor-top-column elementor-element elementor-element-ed01990\" data-id=\"ed01990\" data-element_type=\"column\">\n\t\t\t<div class=\"elementor-widget-wrap elementor-element-populated\">\n\t\t\t\t\t\t<div class=\"elementor-element elementor-element-bf8ace7 elementor-widget elementor-widget-spacer\" data-id=\"bf8ace7\" data-element_type=\"widget\" data-widget_type=\"spacer.default\">\n\t\t\t\t<div class=\"elementor-widget-container\">\n\t\t\t\t\t\t\t<div class=\"elementor-spacer\">\n\t\t\t<div class=\"elementor-spacer-inner\"><\/div>\n\t\t<\/div>\n\t\t\t\t\t\t<\/div>\n\t\t\t\t<\/div>\n\t\t\t\t<div class=\"elementor-element elementor-element-9140677 elementor-widget elementor-widget-icon-box\" data-id=\"9140677\" data-element_type=\"widget\" data-widget_type=\"icon-box.default\">\n\t\t\t\t<div class=\"elementor-widget-container\">\n\t\t\t\t\t\t\t<div class=\"elementor-icon-box-wrapper\">\n\n\t\t\t\n\t\t\t\t\t\t<div class=\"elementor-icon-box-content\">\n\n\t\t\t\t\t\t\t\t\t<h1 class=\"elementor-icon-box-title\">\n\t\t\t\t\t\t<span  >\n\t\t\t\t\t\t\tZdrowie Akity\t\t\t\t\t\t<\/span>\n\t\t\t\t\t<\/h1>\n\t\t\t\t\n\t\t\t\t\t\t\t\t\t<p class=\"elementor-icon-box-description\">\n\t\t\t\t\t\t\u79cb\u7530\u72ac\u306e\u5065\u5eb7\t\t\t\t\t<\/p>\n\t\t\t\t\n\t\t\t<\/div>\n\t\t\t\n\t\t<\/div>\n\t\t\t\t\t\t<\/div>\n\t\t\t\t<\/div>\n\t\t\t\t\t<\/div>\n\t\t<\/div>\n\t\t\t\t\t<\/div>\n\t\t<\/section>\n\t\t\t\t<section class=\"elementor-section elementor-top-section elementor-element elementor-element-c89b5b0 elementor-section-boxed elementor-section-height-default elementor-section-height-default\" data-id=\"c89b5b0\" data-element_type=\"section\">\n\t\t\t\t\t\t<div class=\"elementor-container elementor-column-gap-default\">\n\t\t\t\t\t<div class=\"elementor-column elementor-col-100 elementor-top-column elementor-element elementor-element-d64c2fe\" data-id=\"d64c2fe\" data-element_type=\"column\">\n\t\t\t<div class=\"elementor-widget-wrap\">\n\t\t\t\t\t\t\t<\/div>\n\t\t<\/div>\n\t\t\t\t\t<\/div>\n\t\t<\/section>\n\t\t\t\t<section class=\"elementor-section elementor-top-section elementor-element elementor-element-2b2fe5a elementor-section-boxed elementor-section-height-default elementor-section-height-default\" data-id=\"2b2fe5a\" data-element_type=\"section\">\n\t\t\t\t\t\t<div class=\"elementor-container elementor-column-gap-default\">\n\t\t\t\t\t<div class=\"elementor-column elementor-col-100 elementor-top-column elementor-element elementor-element-4181152\" data-id=\"4181152\" data-element_type=\"column\">\n\t\t\t<div class=\"elementor-widget-wrap elementor-element-populated\">\n\t\t\t\t\t\t<div class=\"elementor-element elementor-element-9259161 elementor-widget-divider--view-line_icon elementor-view-default elementor-widget-divider--element-align-center elementor-widget elementor-widget-divider\" data-id=\"9259161\" data-element_type=\"widget\" data-widget_type=\"divider.default\">\n\t\t\t\t<div class=\"elementor-widget-container\">\n\t\t\t\t\t\t\t<div class=\"elementor-divider\">\n\t\t\t<span class=\"elementor-divider-separator\">\n\t\t\t\t\t\t\t<div class=\"elementor-icon elementor-divider__element\">\n\t\t\t\t\t<i aria-hidden=\"true\" class=\"fas fa-paw\"><\/i><\/div>\n\t\t\t\t\t\t<\/span>\n\t\t<\/div>\n\t\t\t\t\t\t<\/div>\n\t\t\t\t<\/div>\n\t\t\t\t\t<\/div>\n\t\t<\/div>\n\t\t\t\t\t<\/div>\n\t\t<\/section>\n\t\t\t\t<section class=\"elementor-section elementor-top-section elementor-element elementor-element-a516371 elementor-section-boxed elementor-section-height-default elementor-section-height-default\" data-id=\"a516371\" data-element_type=\"section\">\n\t\t\t\t\t\t<div class=\"elementor-container elementor-column-gap-default\">\n\t\t\t\t\t<div class=\"elementor-column elementor-col-100 elementor-top-column elementor-element elementor-element-9e64279\" data-id=\"9e64279\" data-element_type=\"column\">\n\t\t\t<div class=\"elementor-widget-wrap elementor-element-populated\">\n\t\t\t\t\t\t<div class=\"elementor-element elementor-element-00dd3cd elementor-widget elementor-widget-text-editor\" data-id=\"00dd3cd\" data-element_type=\"widget\" data-widget_type=\"text-editor.default\">\n\t\t\t\t<div class=\"elementor-widget-container\">\n\t\t\t\t\t\t\t\t\t<h2><strong>Zdrowie i Dobrostan Akity<\/strong><\/h2>\n<p>Akita to nie tylko majestatyczna rasa znana ze swojego dostojnego wygl\u0105du i niezale\u017cnego temperamentu; to r\u00f3wnie\u017c rasa, kt\u00f3ra wymaga uwa\u017cnej opieki, aby utrzyma\u0107 jej zdrowie i dobrostan. Zrozumienie jej potrzeb \u017cywieniowych, ustanowienie regularnych nawyk\u00f3w i dbanie o jej og\u00f3lne samopoczucie s\u0105 kluczowymi elementami opieki nad Akit\u0105.<\/p>\n<p><strong>1. R\u00f3wnowaga<\/strong><\/p>\n<p class=\" translation-block\">Akity najlepiej czuj\u0105 si\u0119 w atmosferze r\u00f3wnowagi. Z jednej strony s\u0105 psami \u015bwietnie przystosowuj\u0105cymi si\u0119 do r\u00f3\u017cnych warunk\u00f3w, ale najbardziej s\u0142u\u017cy im rutyna, a najgorzej - cz\u0119ste zmiany. Regularne godziny karmienia, sta\u0142e miejsce, ma\u0142e, codzienne rytua\u0142y wypracowane z rodzin\u0105\/w\u0142a\u015bcicielem sprawiaj\u0105, \u017ce czuj\u0105 si\u0119 szcz\u0119\u015bliwe i bezpieczne.<\/p>\n<p><strong>2. Potrzeby \u017bywieniowe<\/strong><\/p>\n<p class=\" translation-block\">Akity wymagaj\u0105 zr\u00f3wnowa\u017conej diety bogatej w sk\u0142adniki od\u017cywcze, najlepiej takiej bez pszenicy i kukurydzy. Polecana jest dieta zawieraj\u0105ca spor\u0105 ilo\u015b\u0107 bia\u0142ka, ale powinna ona r\u00f3wnie\u017c zawiera\u0107 zdrowe t\u0142uszcze i oleje, a tak\u017ce zdrowe w\u0119glowodany, w\u015br\u00f3d kt\u00f3rych ziemniaki i ry\u017c nale\u017c\u0105 do najlepszych opcji. Upewnij si\u0119, \u017ce g\u0142\u00f3wne \u017ar\u00f3d\u0142a bia\u0142ka w ich diecie to pe\u0142ne mi\u0119so, takie jak wo\u0142owina lub ryby. <br>* Zapewniamy szczeg\u00f3\u0142owe informacje dotycz\u0105ce karmienia i suplementacji w\u0142a\u015bcicielom naszych szczeni\u0105t.<\/p>\n<p><strong>3. \u0106wiczenia i Zdrowie Fizyczne<\/strong><\/p>\n<p>Mimo swojego, Akity nie wymagaj\u0105 nadmiernych \u0107wicze\u0144. Jednak regularna aktywno\u015b\u0107 fizyczna jest wa\u017cna i korzystna dla ich zdrowia.<\/p>\n<p class=\" translation-block\"><strong>Spacery i inne aktywno\u015bci:<\/strong> Codzienne spacery s\u0105 \u015bwietnym sposobem na utrzymanie ich zdrowia fizycznego i wzmocnienie wi\u0119zi mi\u0119dzy psem a jego w\u0142a\u015bcicielem. Akity ciesz\u0105 si\u0119 ka\u017cd\u0105 chwil\u0105 sp\u0119dzon\u0105 z ukochanym w\u0142a\u015bcicielem\/rodzin\u0105, czy to podczas spaceru, czy podczas sesji zabaw w ogrodzie, gdy dajesz psu czas na swobodne bieganie.<\/p>\n<p class=\" translation-block\"><strong>Zabawa:<\/strong> Chocia\u017c Akity, jak ju\u017c wspomnieli\u015bmy, nie s\u0105 bardzo aktywnymi psami i cz\u0119sto sprawiaj\u0105 wra\u017cenie powa\u017cnych i dostojnych, maj\u0105 momenty \"g\u0142upawki\", chwili szale\u0144stwa, kiedy weso\u0142o biegaj\u0105 zmieniaj\u0105c nagle kierunki, skacz\u0105 i rado\u015bnie dokazuj\u0105. To naprawd\u0119 zabawny widok :). To samo dotyczy zabawek i nawet starsze Akity maj\u0105 chwile, kiedy bawi\u0105 si\u0119 jak szczeni\u0119ta. Warto zatem dostarczy\u0107 im zabawek, kt\u00f3rymi b\u0119d\u0105 si\u0119 bawi\u0107, zar\u00f3wno z nami, jak i samodzielnie. Czasami mog\u0105 zniszczy\u0107 zabawk\u0119 lub pluszaka - co jest dla nich imitacj\u0105 polowania. I na tak\u0105 zabaw\u0119 warto czasami im pozwoli\u0107.<\/p>\n<p><strong>4. Piel\u0119gnacja<\/strong><\/p>\n<div>\n<div data-message-author-role=\"assistant\" data-message-id=\"97367d46-4b79-4186-aa13-7150ed6aa7ef\">\n<div>\n<p>Prawid\u0142owa piel\u0119gnacja jest wa\u017cna, aby utrzyma\u0107 zdrowie i zdrowy wygl\u0105d Akity. Jednak trzeba pami\u0119ta\u0107, \u017ce utrzymanie zdrowej sk\u00f3ry i sier\u015bci nie dotyczy tylko piel\u0119gnacji zewn\u0119trznej; r\u00f3wnie istotne s\u0105 czynniki wewn\u0119trzne. Dotyczy to odpowiedniej, dostosowanej do ich potrzeb, diety.<\/p>\n<p>Ponadto, wa\u017cne jest zrozumienie, \u017ce samopoczucie psychiczne psa r\u00f3wnie\u017c wp\u0142ywa na jego wygl\u0105d fizyczny. Stres i l\u0119k mog\u0105 objawia\u0107 si\u0119 na r\u00f3\u017cne sposoby, w tym stanem ich sk\u00f3ry i sier\u015bci. Dlatego te\u017c, opr\u00f3cz piel\u0119gnacji i od\u017cywiania, zapewnienie pozytywnego i bezpiecznego \u015brodowiska dla Waszego przyjaciela jest kluczowe dla ich og\u00f3lnego samopoczucia.<\/p>\n<\/div>\n<\/div>\n<\/div>\n<p class=\" translation-block\"><strong>K\u0105piel:<\/strong> Najlepiej k\u0105pa\u0107 Akit\u0119 tylko, gdy jest to konieczne, nie robi\u0107 tego zbyt cz\u0119sto, mo\u017ce to bowiem doprowadzi\u0107 do wysuszenia i podra\u017cnienia sk\u00f3ry. Do k\u0105pieli wybieraj wysokiej jako\u015bci naturalne produkty. Dodatkowo upewnij si\u0119, \u017ce szampon jest dok\u0142adnie sp\u0142ukany z sier\u015bci psa, w przeciwnym razie pies mo\u017ce odczuwa\u0107 dyskomfort i \u015bwi\u0105d.<\/p>\n<p class=\" translation-block\"><strong>Szczotkowanie:<\/strong> Szczotkowanie jest istotne zw\u0142aszcza w okresie linienia, w celu usuni\u0119cia martwego podszerstka. R\u00f3wnie\u017c mi\u0119dzy okresami linienia, regularne czesanie pomaga od\u015bwie\u017cy\u0107 sier\u015b\u0107 i delikatnie oczy\u015bci\u0107 j\u0105 pomi\u0119dzy k\u0105pielami. Jednak\u017ce, wa\u017cne jest zastosowanie odpowiednich szczotek, zgrzebe\u0142, aby unikn\u0105\u0107 podra\u017cnienia sk\u00f3ry lub uszkodzenia sier\u015bci. Wybierz delikatne szczotki specjalnie zaprojektowane dla ras z podw\u00f3jn\u0105 sier\u015bci\u0105.<\/p>\n<p><strong>5. Warunki<\/strong><\/p>\n<p class=\" translation-block\"><strong>Wygodne Miejsce do Wypoczynku<\/strong>: Zapewnij im wygodne, ciche miejsce do odpoczynku i snu. <br> Szczeg\u00f3lnie gdy w domu s\u0105 ma\u0142e dzieci - przygotuj bezpieczne, ciche miejsce, gdzie szczeniak b\u0119dzie m\u00f3g\u0142 spokojnie odpocz\u0105\u0107.<\/p>\n<p class=\" translation-block\"><strong>Bezpieczna Przestrze\u0144 na Zewn\u0105trz<\/strong>: Je\u015bli masz ogr\u00f3d, upewnij si\u0119, \u017ce jest on bezpieczny i zabezpieczony, aby tw\u00f3j Akita m\u00f3g\u0142 si\u0119 swobodnie bawi\u0107.<\/p>\n<p><strong>Wnioski: Inwestycja w Zdrowie i Szcz\u0119\u015bcie<\/strong><\/p>\n<p>Opieka nad Akit\u0105 to zobowi\u0105zanie, kt\u00f3re wykracza poza podstawowe potrzeby. Chodzi tu o zrozumienie ich unikalnych wymaga\u0144 i stworzenie otoczenia, w kt\u00f3rym b\u0119d\u0105 mog\u0142y czu\u0107 bezpieczne i kochane. Dzi\u0119ki w\u0142a\u015bciwej diecie i troskliwej opiece mo\u017cesz zapewni\u0107 swojej Akicie zdrowe, szcz\u0119\u015bliwe i, miejmy nadziej\u0119, jak najd\u0142u\u017csze \u017cycie.<\/p>\t\t\t\t\t\t\t\t<\/div>\n\t\t\t\t<\/div>\n\t\t\t\t\t<\/div>\n\t\t<\/div>\n\t\t\t\t\t<\/div>\n\t\t<\/section>\n\t\t\t\t<\/div>","protected":false},"excerpt":{"rendered":"<p>Akita health \u79cb\u7530\u72ac\u306e\u5065\u5eb7 Nurturing the Health and Well-Being of Your Akita: A Comprehensive Guide The Akita is not just a majestic breed known for its dignified appearance and loyal temperament; it&#8217;s also a breed that requires attentive care to maintain its health and well-being. Understanding their dietary needs, establishing regular habits and providing for their &hellip;<\/p>\n<p class=\"read-more\"> <a class=\"\" href=\"https:\/\/fuennooka.com\/pl\/akita-health\/\"> <span class=\"screen-reader-text\">Zdrowie Akity<\/span> Read More &raquo;<\/a><\/p>","protected":false},"author":1,"featured_media":0,"parent":0,"menu_order":0,"comment_status":"closed","ping_status":"closed","template":"","meta":{"om_disable_all_campaigns":false,"_monsterinsights_skip_tracking":false,"_monsterinsights_sitenote_active":false,"_monsterinsights_sitenote_note":"","_monsterinsights_sitenote_category":0,"site-sidebar-layout":"no-sidebar","site-content-layout":"page-builder","ast-site-content-layout":"full-width-container","site-content-style":"default","site-sidebar-style":"default","ast-global-header-display":"","ast-banner-title-visibility":"","ast-main-header-display":"","ast-hfb-above-header-display":"","ast-hfb-below-header-display":"","ast-hfb-mobile-header-display":"","site-post-title":"disabled","ast-breadcrumbs-content":"","ast-featured-img":"disabled","footer-sml-layout":"","theme-transparent-header-meta":"","adv-header-id-meta":"","stick-header-meta":"","header-above-stick-meta":"","header-main-stick-meta":"","header-below-stick-meta":"","astra-migrate-meta-layouts":"set","ast-page-background-enabled":"default","ast-page-background-meta":{"desktop":{"background-color":"","background-image":"","background-repeat":"repeat","background-position":"center center","background-size":"auto","background-attachment":"scroll","background-type":"","background-media":"","overlay-type":"","overlay-color":"","overlay-gradient":""},"tablet":{"background-color":"","background-image":"","background-repeat":"repeat","background-position":"center center","background-size":"auto","background-attachment":"scroll","background-type":"","background-media":"","overlay-type":"","overlay-color":"","overlay-gradient":""},"mobile":{"background-color":"","background-image":"","background-repeat":"repeat","background-position":"center center","background-size":"auto","background-attachment":"scroll","background-type":"","background-media":"","overlay-type":"","overlay-color":"","overlay-gradient":""}},"ast-content-background-meta":{"desktop":{"background-color":"var(--ast-global-color-5)","background-image":"","background-repeat":"repeat","background-position":"center center","background-size":"auto","background-attachment":"scroll","background-type":"","background-media":"","overlay-type":"","overlay-color":"","overlay-gradient":""},"tablet":{"background-color":"var(--ast-global-color-5)","background-image":"","background-repeat":"repeat","background-position":"center center","background-size":"auto","background-attachment":"scroll","background-type":"","background-media":"","overlay-type":"","overlay-color":"","overlay-gradient":""},"mobile":{"background-color":"var(--ast-global-color-5)","background-image":"","background-repeat":"repeat","background-position":"center center","background-size":"auto","background-attachment":"scroll","background-type":"","background-media":"","overlay-type":"","overlay-color":"","overlay-gradient":""}},"footnotes":""},"class_list":["post-24751","page","type-page","status-publish","hentry"],"aioseo_notices":[],"_links":{"self":[{"href":"https:\/\/fuennooka.com\/pl\/wp-json\/wp\/v2\/pages\/24751","targetHints":{"allow":["GET"]}}],"collection":[{"href":"https:\/\/fuennooka.com\/pl\/wp-json\/wp\/v2\/pages"}],"about":[{"href":"https:\/\/fuennooka.com\/pl\/wp-json\/wp\/v2\/types\/page"}],"author":[{"embeddable":true,"href":"https:\/\/fuennooka.com\/pl\/wp-json\/wp\/v2\/users\/1"}],"replies":[{"embeddable":true,"href":"https:\/\/fuennooka.com\/pl\/wp-json\/wp\/v2\/comments?post=24751"}],"version-history":[{"count":27,"href":"https:\/\/fuennooka.com\/pl\/wp-json\/wp\/v2\/pages\/24751\/revisions"}],"predecessor-version":[{"id":29635,"href":"https:\/\/fuennooka.com\/pl\/wp-json\/wp\/v2\/pages\/24751\/revisions\/29635"}],"wp:attachment":[{"href":"https:\/\/fuennooka.com\/pl\/wp-json\/wp\/v2\/media?parent=24751"}],"curies":[{"name":"wp","href":"https:\/\/api.w.org\/{rel}","templated":true}]}}