{"id":24584,"date":"2023-10-11T17:31:15","date_gmt":"2023-10-11T15:31:15","guid":{"rendered":"https:\/\/fuennooka.com\/?page_id=24584"},"modified":"2026-01-27T20:21:13","modified_gmt":"2026-01-27T19:21:13","slug":"akita-inu-history","status":"publish","type":"page","link":"https:\/\/fuennooka.com\/pl\/akita-inu-history\/","title":{"rendered":"History of Akita Inu"},"content":{"rendered":"<div data-elementor-type=\"wp-page\" data-elementor-id=\"24584\" class=\"elementor elementor-24584\" data-elementor-post-type=\"page\">\n\t\t\t\t\t\t<section class=\"elementor-section elementor-top-section elementor-element elementor-element-2c7ad24 elementor-section-boxed elementor-section-height-default elementor-section-height-default\" data-id=\"2c7ad24\" data-element_type=\"section\">\n\t\t\t\t\t\t<div class=\"elementor-container elementor-column-gap-default\">\n\t\t\t\t\t<div class=\"elementor-column elementor-col-100 elementor-top-column elementor-element elementor-element-3ecfa43\" data-id=\"3ecfa43\" data-element_type=\"column\">\n\t\t\t<div class=\"elementor-widget-wrap elementor-element-populated\">\n\t\t\t\t\t\t<div class=\"elementor-element elementor-element-74dbb12 elementor-widget elementor-widget-spacer\" data-id=\"74dbb12\" data-element_type=\"widget\" data-widget_type=\"spacer.default\">\n\t\t\t\t<div class=\"elementor-widget-container\">\n\t\t\t\t\t\t\t<div class=\"elementor-spacer\">\n\t\t\t<div class=\"elementor-spacer-inner\"><\/div>\n\t\t<\/div>\n\t\t\t\t\t\t<\/div>\n\t\t\t\t<\/div>\n\t\t\t\t\t<\/div>\n\t\t<\/div>\n\t\t\t\t\t<\/div>\n\t\t<\/section>\n\t\t\t\t<section class=\"elementor-section elementor-top-section elementor-element elementor-element-55bfd86 elementor-section-boxed elementor-section-height-default elementor-section-height-default\" data-id=\"55bfd86\" data-element_type=\"section\">\n\t\t\t\t\t\t<div class=\"elementor-container elementor-column-gap-default\">\n\t\t\t\t\t<div class=\"elementor-column elementor-col-100 elementor-top-column elementor-element elementor-element-788ad7e\" data-id=\"788ad7e\" data-element_type=\"column\">\n\t\t\t<div class=\"elementor-widget-wrap elementor-element-populated\">\n\t\t\t\t\t\t<div class=\"elementor-element elementor-element-2d9436d elementor-widget elementor-widget-icon-box\" data-id=\"2d9436d\" data-element_type=\"widget\" data-widget_type=\"icon-box.default\">\n\t\t\t\t<div class=\"elementor-widget-container\">\n\t\t\t\t\t\t\t<div class=\"elementor-icon-box-wrapper\">\n\n\t\t\t\n\t\t\t\t\t\t<div class=\"elementor-icon-box-content\">\n\n\t\t\t\t\t\t\t\t\t<h1 class=\"elementor-icon-box-title\">\n\t\t\t\t\t\t<span  >\n\t\t\t\t\t\t\tHistoria Akit\t\t\t\t\t\t<\/span>\n\t\t\t\t\t<\/h1>\n\t\t\t\t\n\t\t\t\t\t\t\t\t\t<p class=\"elementor-icon-box-description\">\n\t\t\t\t\t\t\u79cb\u7530\u72ac\u306e\u6b74\u53f2\t\t\t\t\t<\/p>\n\t\t\t\t\n\t\t\t<\/div>\n\t\t\t\n\t\t<\/div>\n\t\t\t\t\t\t<\/div>\n\t\t\t\t<\/div>\n\t\t\t\t\t<\/div>\n\t\t<\/div>\n\t\t\t\t\t<\/div>\n\t\t<\/section>\n\t\t\t\t<section class=\"elementor-section elementor-top-section elementor-element elementor-element-8f28962 elementor-section-boxed elementor-section-height-default elementor-section-height-default\" data-id=\"8f28962\" data-element_type=\"section\">\n\t\t\t\t\t\t<div class=\"elementor-container elementor-column-gap-default\">\n\t\t\t\t\t<div class=\"elementor-column elementor-col-100 elementor-top-column elementor-element elementor-element-14fe415\" data-id=\"14fe415\" data-element_type=\"column\">\n\t\t\t<div class=\"elementor-widget-wrap elementor-element-populated\">\n\t\t\t\t\t\t<div class=\"elementor-element elementor-element-adce18e elementor-widget-divider--view-line_icon elementor-view-default elementor-widget-divider--element-align-center elementor-widget elementor-widget-divider\" data-id=\"adce18e\" data-element_type=\"widget\" data-widget_type=\"divider.default\">\n\t\t\t\t<div class=\"elementor-widget-container\">\n\t\t\t\t\t\t\t<div class=\"elementor-divider\">\n\t\t\t<span class=\"elementor-divider-separator\">\n\t\t\t\t\t\t\t<div class=\"elementor-icon elementor-divider__element\">\n\t\t\t\t\t<i aria-hidden=\"true\" class=\"fas fa-paw\"><\/i><\/div>\n\t\t\t\t\t\t<\/span>\n\t\t<\/div>\n\t\t\t\t\t\t<\/div>\n\t\t\t\t<\/div>\n\t\t\t\t\t<\/div>\n\t\t<\/div>\n\t\t\t\t\t<\/div>\n\t\t<\/section>\n\t\t\t\t<section class=\"elementor-section elementor-top-section elementor-element elementor-element-9ec50b2 elementor-section-boxed elementor-section-height-default elementor-section-height-default\" data-id=\"9ec50b2\" data-element_type=\"section\">\n\t\t\t\t\t\t<div class=\"elementor-container elementor-column-gap-default\">\n\t\t\t\t\t<div class=\"elementor-column elementor-col-100 elementor-top-column elementor-element elementor-element-7b5283f\" data-id=\"7b5283f\" data-element_type=\"column\">\n\t\t\t<div class=\"elementor-widget-wrap elementor-element-populated\">\n\t\t\t\t\t\t<div class=\"elementor-element elementor-element-384e0a1 elementor-widget elementor-widget-text-editor\" data-id=\"384e0a1\" data-element_type=\"widget\" data-widget_type=\"text-editor.default\">\n\t\t\t\t<div class=\"elementor-widget-container\">\n\t\t\t\t\t\t\t\t\t<h2><strong>Dziedzictwo Akity Japo\u0144skiej - Kr\u00f3tki Rys Historyczny<br \/><\/strong><\/h2><p>Po\u015br\u00f3d wszystkich ras ps\u00f3w niewiele z nich posiada tak bogat\u0105 histori\u0119 jak japo\u0144ska Akita. Ta szlachetna rasa, pochodz\u0105ca z g\u00f3rzystych region\u00f3w p\u00f3\u0142nocnej Japonii, od wiek\u00f3w jest symbolem dumy, lojalno\u015bci i si\u0142y.<\/p>\t\t\t\t\t\t\t\t<\/div>\n\t\t\t\t<\/div>\n\t\t\t\t\t<\/div>\n\t\t<\/div>\n\t\t\t\t\t<\/div>\n\t\t<\/section>\n\t\t\t\t<section class=\"elementor-section elementor-top-section elementor-element elementor-element-cf11842 elementor-section-boxed elementor-section-height-default elementor-section-height-default\" data-id=\"cf11842\" data-element_type=\"section\">\n\t\t\t\t\t\t<div class=\"elementor-container elementor-column-gap-default\">\n\t\t\t\t\t<div class=\"elementor-column elementor-col-50 elementor-top-column elementor-element elementor-element-6fc96d6\" data-id=\"6fc96d6\" data-element_type=\"column\">\n\t\t\t<div class=\"elementor-widget-wrap elementor-element-populated\">\n\t\t\t\t\t\t<div class=\"elementor-element elementor-element-c38a8df elementor-widget__width-initial elementor-widget elementor-widget-image\" data-id=\"c38a8df\" data-element_type=\"widget\" data-widget_type=\"image.default\">\n\t\t\t\t<div class=\"elementor-widget-container\">\n\t\t\t\t\t\t\t\t\t\t\t\t\t\t\t<img fetchpriority=\"high\" decoding=\"async\" width=\"768\" height=\"1024\" src=\"https:\/\/fuennooka.com\/wp-content\/uploads\/2023\/11\/IMG_9020-768x1024.jpg\" class=\"attachment-medium_large size-medium_large wp-image-28680\" alt=\"\" srcset=\"https:\/\/fuennooka.com\/wp-content\/uploads\/2023\/11\/IMG_9020-768x1024.jpg 768w, https:\/\/fuennooka.com\/wp-content\/uploads\/2023\/11\/IMG_9020-225x300.jpg 225w, https:\/\/fuennooka.com\/wp-content\/uploads\/2023\/11\/IMG_9020-1152x1536.jpg 1152w, https:\/\/fuennooka.com\/wp-content\/uploads\/2023\/11\/IMG_9020-1536x2048.jpg 1536w, https:\/\/fuennooka.com\/wp-content\/uploads\/2023\/11\/IMG_9020-9x12.jpg 9w, https:\/\/fuennooka.com\/wp-content\/uploads\/2023\/11\/IMG_9020-scaled.jpg 1920w\" sizes=\"(max-width: 768px) 100vw, 768px\" \/>\t\t\t\t\t\t\t\t\t\t\t\t\t\t\t<\/div>\n\t\t\t\t<\/div>\n\t\t\t\t\t<\/div>\n\t\t<\/div>\n\t\t\t\t<div class=\"elementor-column elementor-col-50 elementor-top-column elementor-element elementor-element-327730e\" data-id=\"327730e\" data-element_type=\"column\">\n\t\t\t<div class=\"elementor-widget-wrap elementor-element-populated\">\n\t\t\t\t\t\t<div class=\"elementor-element elementor-element-b5efa54 elementor-widget__width-initial elementor-widget elementor-widget-image\" data-id=\"b5efa54\" data-element_type=\"widget\" data-widget_type=\"image.default\">\n\t\t\t\t<div class=\"elementor-widget-container\">\n\t\t\t\t\t\t\t\t\t\t\t\t\t\t\t<img decoding=\"async\" width=\"768\" height=\"510\" src=\"https:\/\/fuennooka.com\/wp-content\/uploads\/2023\/11\/DSC_6701-768x510.jpg\" class=\"attachment-medium_large size-medium_large wp-image-28681\" alt=\"\" srcset=\"https:\/\/fuennooka.com\/wp-content\/uploads\/2023\/11\/DSC_6701-768x510.jpg 768w, https:\/\/fuennooka.com\/wp-content\/uploads\/2023\/11\/DSC_6701-300x199.jpg 300w, https:\/\/fuennooka.com\/wp-content\/uploads\/2023\/11\/DSC_6701-1024x680.jpg 1024w, https:\/\/fuennooka.com\/wp-content\/uploads\/2023\/11\/DSC_6701-1536x1020.jpg 1536w, https:\/\/fuennooka.com\/wp-content\/uploads\/2023\/11\/DSC_6701-2048x1360.jpg 2048w, https:\/\/fuennooka.com\/wp-content\/uploads\/2023\/11\/DSC_6701-18x12.jpg 18w\" sizes=\"(max-width: 768px) 100vw, 768px\" \/>\t\t\t\t\t\t\t\t\t\t\t\t\t\t\t<\/div>\n\t\t\t\t<\/div>\n\t\t\t\t<div class=\"elementor-element elementor-element-cf07b39 elementor-widget elementor-widget-spacer\" data-id=\"cf07b39\" data-element_type=\"widget\" data-widget_type=\"spacer.default\">\n\t\t\t\t<div class=\"elementor-widget-container\">\n\t\t\t\t\t\t\t<div class=\"elementor-spacer\">\n\t\t\t<div class=\"elementor-spacer-inner\"><\/div>\n\t\t<\/div>\n\t\t\t\t\t\t<\/div>\n\t\t\t\t<\/div>\n\t\t\t\t<div class=\"elementor-element elementor-element-78845b9 elementor-widget__width-initial elementor-widget elementor-widget-image\" data-id=\"78845b9\" data-element_type=\"widget\" data-widget_type=\"image.default\">\n\t\t\t\t<div class=\"elementor-widget-container\">\n\t\t\t\t\t\t\t\t\t\t\t\t\t\t\t<img decoding=\"async\" width=\"768\" height=\"471\" src=\"https:\/\/fuennooka.com\/wp-content\/uploads\/2023\/11\/DSC_6682-768x471.jpg\" class=\"attachment-medium_large size-medium_large wp-image-28683\" alt=\"\" srcset=\"https:\/\/fuennooka.com\/wp-content\/uploads\/2023\/11\/DSC_6682-768x471.jpg 768w, https:\/\/fuennooka.com\/wp-content\/uploads\/2023\/11\/DSC_6682-300x184.jpg 300w, https:\/\/fuennooka.com\/wp-content\/uploads\/2023\/11\/DSC_6682-1024x627.jpg 1024w, https:\/\/fuennooka.com\/wp-content\/uploads\/2023\/11\/DSC_6682-1536x941.jpg 1536w, https:\/\/fuennooka.com\/wp-content\/uploads\/2023\/11\/DSC_6682-2048x1255.jpg 2048w, https:\/\/fuennooka.com\/wp-content\/uploads\/2023\/11\/DSC_6682-18x12.jpg 18w\" sizes=\"(max-width: 768px) 100vw, 768px\" \/>\t\t\t\t\t\t\t\t\t\t\t\t\t\t\t<\/div>\n\t\t\t\t<\/div>\n\t\t\t\t\t<\/div>\n\t\t<\/div>\n\t\t\t\t\t<\/div>\n\t\t<\/section>\n\t\t\t\t<section class=\"elementor-section elementor-top-section elementor-element elementor-element-6c35e4c elementor-section-boxed elementor-section-height-default elementor-section-height-default\" data-id=\"6c35e4c\" data-element_type=\"section\">\n\t\t\t\t\t\t<div class=\"elementor-container elementor-column-gap-default\">\n\t\t\t\t\t<div class=\"elementor-column elementor-col-100 elementor-top-column elementor-element elementor-element-b729b23\" data-id=\"b729b23\" data-element_type=\"column\">\n\t\t\t<div class=\"elementor-widget-wrap elementor-element-populated\">\n\t\t\t\t\t\t<div class=\"elementor-element elementor-element-8faba4e elementor-widget elementor-widget-spacer\" data-id=\"8faba4e\" data-element_type=\"widget\" data-widget_type=\"spacer.default\">\n\t\t\t\t<div class=\"elementor-widget-container\">\n\t\t\t\t\t\t\t<div class=\"elementor-spacer\">\n\t\t\t<div class=\"elementor-spacer-inner\"><\/div>\n\t\t<\/div>\n\t\t\t\t\t\t<\/div>\n\t\t\t\t<\/div>\n\t\t\t\t\t<\/div>\n\t\t<\/div>\n\t\t\t\t\t<\/div>\n\t\t<\/section>\n\t\t\t\t<section class=\"elementor-section elementor-top-section elementor-element elementor-element-3fe1370 elementor-section-boxed elementor-section-height-default elementor-section-height-default\" data-id=\"3fe1370\" data-element_type=\"section\">\n\t\t\t\t\t\t<div class=\"elementor-container elementor-column-gap-default\">\n\t\t\t\t\t<div class=\"elementor-column elementor-col-100 elementor-top-column elementor-element elementor-element-315567b\" data-id=\"315567b\" data-element_type=\"column\">\n\t\t\t<div class=\"elementor-widget-wrap elementor-element-populated\">\n\t\t\t\t\t\t<div class=\"elementor-element elementor-element-2a3d2cf elementor-widget elementor-widget-text-editor\" data-id=\"2a3d2cf\" data-element_type=\"widget\" data-widget_type=\"text-editor.default\">\n\t\t\t\t<div class=\"elementor-widget-container\">\n\t\t\t\t\t\t\t\t\t<h2><strong>Korzenie: Pocz\u0105tki Rasy<\/strong><\/h2><p>Historia Akit si\u0119ga okresu Edo (1603-1868) w Japonii. Pocz\u0105tkowo hodowane do polowa\u0144, Akity by\u0142y cenione za swoj\u0105 si\u0142\u0119, zwinno\u015b\u0107 i zdolno\u015b\u0107 do pracy w trudnych, \u015bnie\u017cnych terenach. Akita by\u0142a u\u017cywana do polowa\u0144 na du\u017c\u0105 zwierzyn\u0119, w tym nied\u017awiedzie i dziki, co jest \u015bwiadectwem ich odwagi i fizycznej sprawno\u015bci.<\/p><p>W miar\u0119 jak Japonia si\u0119 rozwija\u0142a, tak samo zmienia\u0142a si\u0119 rola Akity. Podczas Restauracji Meiji (1868-1912), do Japonii wprowadzono zachodnie rasy, a to doprowadzi\u0142o do krzy\u017c\u00f3wek. W tym okresie Akita by\u0142a u\u017cywana do walk ps\u00f3w, praktyka ta zosta\u0142a p\u00f3\u017aniej zakazana, ale na tyle p\u00f3\u017ano, \u017ce ta karta historii wp\u0142yn\u0119\u0142a na rozw\u00f3j rasy.<\/p><h2><strong>II Wojna \u015awiatowa: Punkt Krytyczny<\/strong><\/h2><p>Druga Wojna \u015awiatowa by\u0142a tragicznym okresem dla rasy Akita. Niedobory \u017cywno\u015bci i rz\u0105dowy nakaz wybicia ps\u00f3w niemilitarnych dla futra, ale te\u017c w celu zapobiegania rozprzestrzenianiu si\u0119 chor\u00f3b, zagra\u017ca\u0142y ich istnieniu. Jednak, dzi\u0119ki wysi\u0142kom oddanych hodowc\u00f3w oraz izolacji prefektury Akita, rasa przetrwa\u0142a.<\/p><h2><strong>Hachiko: Symbol Lojalno\u015bci<\/strong><\/h2><p>Mi\u0119dzynarodowa s\u0142awa Akity wzros\u0142a gwa\u0142townie dzi\u0119ki wzruszaj\u0105cej i tragicznej historii Hachiko, psa rasy Akita, znanego ze swojej niezachwianej lojalno\u015bci. Hachiko czeka\u0142 na swojego zmar\u0142ego w\u0142a\u015bciciela ka\u017cdego dnia na stacji Shibuya w Tokio przez prawie dekad\u0119. Jego historia uosabia lojalno\u015b\u0107 rasy i by\u0142a \u017ar\u00f3d\u0142em inspiracji na ca\u0142ym \u015bwiecie.<\/p><h2><strong>Odbudowa Powojenna i Uznanie<\/strong><\/h2><p>Po II Wojnie \u015awiatowej, wysi\u0142ki na rzecz ochrony i udoskonalenia rasy Akita zosta\u0142y zintensyfikowane. Ameryka\u0144ska okupacja Japonii doprowadzi\u0142a do rozpowszechnienia rasy w \u015bwiecie zachodnim.<\/p><h2><strong>Akita Dzisiaj: \u017bywe Dziedzictwo<\/strong><\/h2><p>Dzi\u015b wyr\u00f3\u017cniamy dwa \"typy\": Akit\u0119 Ameryka\u0144sk\u0105 oraz Akit\u0119 Japo\u0144sk\u0105 (Akita, Akita inu). Japo\u0144ska Akita, czyli \u201eAkita Inu\u201d (Inu oznacza \"pies\" po japo\u0144sku), zachowa\u0142a wi\u0119cej tradycyjnych cech rasy.<\/p><p>Akita wi\u0119cej ni\u017c pies, zwierz\u0119 domowe; jest \u017cywym symbolem japo\u0144skiej kultury i historii. Akity s\u0105 cenione za swoj\u0105 dostojno\u015b\u0107, inteligencj\u0119 i g\u0142\u0119bok\u0105 emocjonaln\u0105 wi\u0119\u017a ze swoimi w\u0142a\u015bcicielami.<\/p><h2><strong>Podsumowanie: Rasa o Historycznym Znaczeniu i Niezr\u00f3wnanej Lojalno\u015bci<\/strong><\/h2><p>Podr\u00f3\u017c japo\u0144skiej Akity przez histori\u0119 jest \u015bwiadectwem odporno\u015bci, lojalno\u015bci i niez\u0142omnej wi\u0119zi mi\u0119dzy lud\u017ami a psami. Od \u015bnie\u017cnych g\u00f3r Japonii po serca mi\u0142o\u015bnik\u00f3w ps\u00f3w na ca\u0142ym \u015bwiecie, Akita Inu nadal jest ukochan\u0105 i szanowan\u0105 ras\u0105, uosabiaj\u0105c\u0105 ducha swojego bogatego i szlachetnego dziedzictwa.<\/p><hr \/>\t\t\t\t\t\t\t\t<\/div>\n\t\t\t\t<\/div>\n\t\t\t\t\t<\/div>\n\t\t<\/div>\n\t\t\t\t\t<\/div>\n\t\t<\/section>\n\t\t\t\t<section class=\"elementor-section elementor-top-section elementor-element elementor-element-21fea0b elementor-section-boxed elementor-section-height-default elementor-section-height-default\" data-id=\"21fea0b\" data-element_type=\"section\">\n\t\t\t\t\t\t<div class=\"elementor-container elementor-column-gap-default\">\n\t\t\t\t\t<div class=\"elementor-column elementor-col-50 elementor-top-column elementor-element elementor-element-23b04d4\" data-id=\"23b04d4\" data-element_type=\"column\">\n\t\t\t<div class=\"elementor-widget-wrap elementor-element-populated\">\n\t\t\t\t\t\t<div class=\"elementor-element elementor-element-da9c846 elementor-widget elementor-widget-image\" data-id=\"da9c846\" data-element_type=\"widget\" data-widget_type=\"image.default\">\n\t\t\t\t<div class=\"elementor-widget-container\">\n\t\t\t\t\t\t\t\t\t\t\t\t\t\t\t<img decoding=\"async\" src=\"https:\/\/fuennooka.com\/wp-content\/uploads\/2023\/11\/IMG_0637-scaled.jpg\" title=\"\" alt=\"\" loading=\"lazy\" \/>\t\t\t\t\t\t\t\t\t\t\t\t\t\t\t<\/div>\n\t\t\t\t<\/div>\n\t\t\t\t\t<\/div>\n\t\t<\/div>\n\t\t\t\t<div class=\"elementor-column elementor-col-50 elementor-top-column elementor-element elementor-element-508c170\" data-id=\"508c170\" data-element_type=\"column\">\n\t\t\t<div class=\"elementor-widget-wrap elementor-element-populated\">\n\t\t\t\t\t\t<div class=\"elementor-element elementor-element-9d70c4b elementor-widget__width-initial elementor-widget elementor-widget-image\" data-id=\"9d70c4b\" data-element_type=\"widget\" data-widget_type=\"image.default\">\n\t\t\t\t<div class=\"elementor-widget-container\">\n\t\t\t\t\t\t\t\t\t\t\t\t\t\t\t<img decoding=\"async\" src=\"https:\/\/fuennooka.com\/wp-content\/uploads\/2023\/11\/IMG_0636-scaled.jpg\" title=\"\" alt=\"\" loading=\"lazy\" \/>\t\t\t\t\t\t\t\t\t\t\t\t\t\t\t<\/div>\n\t\t\t\t<\/div>\n\t\t\t\t\t<\/div>\n\t\t<\/div>\n\t\t\t\t\t<\/div>\n\t\t<\/section>\n\t\t\t\t<section class=\"elementor-section elementor-top-section elementor-element elementor-element-3bb8957 elementor-section-boxed elementor-section-height-default elementor-section-height-default\" data-id=\"3bb8957\" data-element_type=\"section\">\n\t\t\t\t\t\t<div class=\"elementor-container elementor-column-gap-default\">\n\t\t\t\t\t<div class=\"elementor-column elementor-col-100 elementor-top-column elementor-element elementor-element-2d11839\" data-id=\"2d11839\" data-element_type=\"column\">\n\t\t\t<div class=\"elementor-widget-wrap elementor-element-populated\">\n\t\t\t\t\t\t<div class=\"elementor-element elementor-element-21b0db3 elementor-widget-divider--view-line_icon elementor-view-default elementor-widget-divider--element-align-center elementor-widget elementor-widget-divider\" data-id=\"21b0db3\" data-element_type=\"widget\" data-widget_type=\"divider.default\">\n\t\t\t\t<div class=\"elementor-widget-container\">\n\t\t\t\t\t\t\t<div class=\"elementor-divider\">\n\t\t\t<span class=\"elementor-divider-separator\">\n\t\t\t\t\t\t\t<div class=\"elementor-icon elementor-divider__element\">\n\t\t\t\t\t<i aria-hidden=\"true\" class=\"fas fa-paw\"><\/i><\/div>\n\t\t\t\t\t\t<\/span>\n\t\t<\/div>\n\t\t\t\t\t\t<\/div>\n\t\t\t\t<\/div>\n\t\t\t\t\t<\/div>\n\t\t<\/div>\n\t\t\t\t\t<\/div>\n\t\t<\/section>\n\t\t\t\t<section class=\"elementor-section elementor-top-section elementor-element elementor-element-710d5b3 elementor-section-boxed elementor-section-height-default elementor-section-height-default\" data-id=\"710d5b3\" data-element_type=\"section\">\n\t\t\t\t\t\t<div class=\"elementor-container elementor-column-gap-default\">\n\t\t\t\t\t<div class=\"elementor-column elementor-col-100 elementor-top-column elementor-element elementor-element-72772ec\" data-id=\"72772ec\" data-element_type=\"column\">\n\t\t\t<div class=\"elementor-widget-wrap elementor-element-populated\">\n\t\t\t\t\t\t<div class=\"elementor-element elementor-element-fd2e090 elementor-widget elementor-widget-text-editor\" data-id=\"fd2e090\" data-element_type=\"widget\" data-widget_type=\"text-editor.default\">\n\t\t\t\t<div class=\"elementor-widget-container\">\n\t\t\t\t\t\t\t\t\t<p class=\" translation-block\">tekst: Zuzanna Chade <br> zdj\u0119cia: Zuzanna Chade <br> (Wszelkie prawa zastrze\u017cone)<\/p>\t\t\t\t\t\t\t\t<\/div>\n\t\t\t\t<\/div>\n\t\t\t\t\t<\/div>\n\t\t<\/div>\n\t\t\t\t\t<\/div>\n\t\t<\/section>\n\t\t\t\t<section class=\"elementor-section elementor-top-section elementor-element elementor-element-ca4d5b8 elementor-section-boxed elementor-section-height-default elementor-section-height-default\" data-id=\"ca4d5b8\" data-element_type=\"section\">\n\t\t\t\t\t\t<div class=\"elementor-container elementor-column-gap-default\">\n\t\t\t\t\t<div class=\"elementor-column elementor-col-100 elementor-top-column elementor-element elementor-element-19dfd52\" data-id=\"19dfd52\" data-element_type=\"column\">\n\t\t\t<div class=\"elementor-widget-wrap elementor-element-populated\">\n\t\t\t\t\t\t<div class=\"elementor-element elementor-element-8d13f1d elementor-share-buttons--view-icon elementor-share-buttons--skin-framed elementor-share-buttons--shape-rounded elementor-share-buttons--align-center elementor-share-buttons--color-custom elementor-grid-0 elementor-widget elementor-widget-share-buttons\" data-id=\"8d13f1d\" data-element_type=\"widget\" data-widget_type=\"share-buttons.default\">\n\t\t\t\t<div class=\"elementor-widget-container\">\n\t\t\t\t\t\t\t<div class=\"elementor-grid\">\n\t\t\t\t\t\t\t\t<div class=\"elementor-grid-item\">\n\t\t\t\t\t\t<div\n\t\t\t\t\t\t\tclass=\"elementor-share-btn elementor-share-btn_facebook\"\n\t\t\t\t\t\t\trole=\"button\"\n\t\t\t\t\t\t\ttabindex=\"0\"\n\t\t\t\t\t\t\taria-label=\"Share on facebook\"\n\t\t\t\t\t\t>\n\t\t\t\t\t\t\t\t\t\t\t\t\t\t\t<span class=\"elementor-share-btn__icon\">\n\t\t\t\t\t\t\t\t<i class=\"fab fa-facebook\" aria-hidden=\"true\"><\/i>\t\t\t\t\t\t\t<\/span>\n\t\t\t\t\t\t\t\t\t\t\t\t\t\t\t\t\t\t\t\t<\/div>\n\t\t\t\t\t<\/div>\n\t\t\t\t\t\t\t\t\t<div class=\"elementor-grid-item\">\n\t\t\t\t\t\t<div\n\t\t\t\t\t\t\tclass=\"elementor-share-btn elementor-share-btn_twitter\"\n\t\t\t\t\t\t\trole=\"button\"\n\t\t\t\t\t\t\ttabindex=\"0\"\n\t\t\t\t\t\t\taria-label=\"Share on twitter\"\n\t\t\t\t\t\t>\n\t\t\t\t\t\t\t\t\t\t\t\t\t\t\t<span class=\"elementor-share-btn__icon\">\n\t\t\t\t\t\t\t\t<i class=\"fab fa-twitter\" aria-hidden=\"true\"><\/i>\t\t\t\t\t\t\t<\/span>\n\t\t\t\t\t\t\t\t\t\t\t\t\t\t\t\t\t\t\t\t<\/div>\n\t\t\t\t\t<\/div>\n\t\t\t\t\t\t\t\t\t<div class=\"elementor-grid-item\">\n\t\t\t\t\t\t<div\n\t\t\t\t\t\t\tclass=\"elementor-share-btn elementor-share-btn_linkedin\"\n\t\t\t\t\t\t\trole=\"button\"\n\t\t\t\t\t\t\ttabindex=\"0\"\n\t\t\t\t\t\t\taria-label=\"Share on linkedin\"\n\t\t\t\t\t\t>\n\t\t\t\t\t\t\t\t\t\t\t\t\t\t\t<span class=\"elementor-share-btn__icon\">\n\t\t\t\t\t\t\t\t<i class=\"fab fa-linkedin\" aria-hidden=\"true\"><\/i>\t\t\t\t\t\t\t<\/span>\n\t\t\t\t\t\t\t\t\t\t\t\t\t\t\t\t\t\t\t\t<\/div>\n\t\t\t\t\t<\/div>\n\t\t\t\t\t\t<\/div>\n\t\t\t\t\t\t<\/div>\n\t\t\t\t<\/div>\n\t\t\t\t\t<\/div>\n\t\t<\/div>\n\t\t\t\t\t<\/div>\n\t\t<\/section>\n\t\t\t\t<\/div>","protected":false},"excerpt":{"rendered":"<p>History of Akita \u79cb\u7530\u72ac\u306e\u6b74\u53f2 The Noble Legacy of the Japanese Akita: Brief Historical Overview In the realm of canine breeds, few possess the storied history and dignified presence of the Japanese Akita. This noble breed, originating from the mountainous regions of northern Japan, has been a symbol of pride, loyalty, and strength for centuries. The &hellip;<\/p>\n<p class=\"read-more\"> <a class=\"\" href=\"https:\/\/fuennooka.com\/pl\/akita-inu-history\/\"> <span class=\"screen-reader-text\">History of Akita Inu<\/span> Read More &raquo;<\/a><\/p>","protected":false},"author":1,"featured_media":0,"parent":0,"menu_order":0,"comment_status":"closed","ping_status":"closed","template":"","meta":{"om_disable_all_campaigns":false,"_monsterinsights_skip_tracking":false,"_monsterinsights_sitenote_active":false,"_monsterinsights_sitenote_note":"","_monsterinsights_sitenote_category":0,"site-sidebar-layout":"no-sidebar","site-content-layout":"page-builder","ast-site-content-layout":"full-width-container","site-content-style":"unboxed","site-sidebar-style":"unboxed","ast-global-header-display":"","ast-banner-title-visibility":"","ast-main-header-display":"","ast-hfb-above-header-display":"","ast-hfb-below-header-display":"","ast-hfb-mobile-header-display":"","site-post-title":"disabled","ast-breadcrumbs-content":"","ast-featured-img":"disabled","footer-sml-layout":"","theme-transparent-header-meta":"","adv-header-id-meta":"","stick-header-meta":"","header-above-stick-meta":"","header-main-stick-meta":"","header-below-stick-meta":"","astra-migrate-meta-layouts":"set","ast-page-background-enabled":"default","ast-page-background-meta":{"desktop":{"background-color":"","background-image":"","background-repeat":"repeat","background-position":"center center","background-size":"auto","background-attachment":"scroll","background-type":"","background-media":"","overlay-type":"","overlay-color":"","overlay-gradient":""},"tablet":{"background-color":"","background-image":"","background-repeat":"repeat","background-position":"center center","background-size":"auto","background-attachment":"scroll","background-type":"","background-media":"","overlay-type":"","overlay-color":"","overlay-gradient":""},"mobile":{"background-color":"","background-image":"","background-repeat":"repeat","background-position":"center center","background-size":"auto","background-attachment":"scroll","background-type":"","background-media":"","overlay-type":"","overlay-color":"","overlay-gradient":""}},"ast-content-background-meta":{"desktop":{"background-color":"var(--ast-global-color-5)","background-image":"","background-repeat":"repeat","background-position":"center center","background-size":"auto","background-attachment":"scroll","background-type":"","background-media":"","overlay-type":"","overlay-color":"","overlay-gradient":""},"tablet":{"background-color":"var(--ast-global-color-5)","background-image":"","background-repeat":"repeat","background-position":"center center","background-size":"auto","background-attachment":"scroll","background-type":"","background-media":"","overlay-type":"","overlay-color":"","overlay-gradient":""},"mobile":{"background-color":"var(--ast-global-color-5)","background-image":"","background-repeat":"repeat","background-position":"center center","background-size":"auto","background-attachment":"scroll","background-type":"","background-media":"","overlay-type":"","overlay-color":"","overlay-gradient":""}},"footnotes":""},"class_list":["post-24584","page","type-page","status-publish","hentry"],"aioseo_notices":[],"_links":{"self":[{"href":"https:\/\/fuennooka.com\/pl\/wp-json\/wp\/v2\/pages\/24584","targetHints":{"allow":["GET"]}}],"collection":[{"href":"https:\/\/fuennooka.com\/pl\/wp-json\/wp\/v2\/pages"}],"about":[{"href":"https:\/\/fuennooka.com\/pl\/wp-json\/wp\/v2\/types\/page"}],"author":[{"embeddable":true,"href":"https:\/\/fuennooka.com\/pl\/wp-json\/wp\/v2\/users\/1"}],"replies":[{"embeddable":true,"href":"https:\/\/fuennooka.com\/pl\/wp-json\/wp\/v2\/comments?post=24584"}],"version-history":[{"count":27,"href":"https:\/\/fuennooka.com\/pl\/wp-json\/wp\/v2\/pages\/24584\/revisions"}],"predecessor-version":[{"id":31375,"href":"https:\/\/fuennooka.com\/pl\/wp-json\/wp\/v2\/pages\/24584\/revisions\/31375"}],"wp:attachment":[{"href":"https:\/\/fuennooka.com\/pl\/wp-json\/wp\/v2\/media?parent=24584"}],"curies":[{"name":"wp","href":"https:\/\/api.w.org\/{rel}","templated":true}]}}